{"id":587,"date":"2024-12-30T17:31:07","date_gmt":"2024-12-30T17:31:07","guid":{"rendered":"https:\/\/mctouringnorway.com\/rent-a-motorcycle\/"},"modified":"2025-03-14T16:21:28","modified_gmt":"2025-03-14T16:21:28","slug":"rent-a-motorcycle","status":"publish","type":"page","link":"https:\/\/mctouringnorway.com\/en\/rent-a-motorcycle\/","title":{"rendered":"Rent a motorcycle"},"content":{"rendered":"\n<div class=\"wp-block-cover alignfull\" style=\"margin-bottom:var(--wp--preset--spacing--huge);min-height:306px;aspect-ratio:unset;\"><span aria-hidden=\"true\" class=\"wp-block-cover__background has-black-background-color has-background-dim\"><\/span><img loading=\"lazy\" decoding=\"async\" width=\"1920\" height=\"1080\" class=\"wp-block-cover__image-background wp-image-30\" alt=\"\" src=\"https:\/\/mctouringnorway.com\/wp-content\/uploads\/sites\/33\/2024\/12\/norge-large-mc-touring.jpg\" style=\"object-position:48% 69%\" data-object-fit=\"cover\" data-object-position=\"48% 69%\" srcset=\"https:\/\/mctouringnorway.com\/wp-content\/uploads\/sites\/33\/2024\/12\/norge-large-mc-touring.jpg 1920w, https:\/\/mctouringnorway.com\/wp-content\/uploads\/sites\/33\/2024\/12\/norge-large-mc-touring-300x169.jpg 300w, https:\/\/mctouringnorway.com\/wp-content\/uploads\/sites\/33\/2024\/12\/norge-large-mc-touring-1024x576.jpg 1024w, https:\/\/mctouringnorway.com\/wp-content\/uploads\/sites\/33\/2024\/12\/norge-large-mc-touring-768x432.jpg 768w, https:\/\/mctouringnorway.com\/wp-content\/uploads\/sites\/33\/2024\/12\/norge-large-mc-touring-1536x864.jpg 1536w\" sizes=\"auto, (max-width: 1920px) 100vw, 1920px\" \/><div class=\"wp-block-cover__inner-container has-global-padding is-layout-constrained wp-block-cover-is-layout-constrained\">\n<div class=\"wp-block-group has-global-padding is-layout-constrained wp-block-group-is-layout-constrained\"><h1 style=\"font-style:normal;font-weight:400;text-transform:none;\" class=\"wp-block-post-title has-xx-large-font-size\">Rent a motorcycle<\/h1><\/div>\n<\/div><\/div>\n\n<p class=\"has-text-align-left has-primary-color has-text-color has-link-color has-poppins-font-family has-large-font-size wp-elements-458621c360ec748999e635c6d8bdce0a\">Now you can fulfill your dream of experiencing Norway in the best possible way without owning your own motorcycle.<\/p>\n\n<p class=\"has-primary-color has-text-color has-link-color has-poppins-font-family has-small-font-size wp-elements-3bcf44b996cc6f47d8df968dbf643a10\" style=\"margin-top:var(--wp--preset--spacing--medium)\">With us, you can rent a motorcycle and explore Norway&#8217;s spectacular landscape in the best possible way. From 2025, we offer an expanded range of high-quality models from Yamaha, Kawasaki and Husqvarna &#8211; all known for their performance, reliability and riding pleasure. Together, we&#8217;ll find a bike that suits you and your adventure. Our bikes are always delivered freshly serviced and ready for long, safe rides.   <\/p>\n\n<h3 class=\"wp-block-heading has-primary-color has-text-color has-link-color has-poppins-font-family wp-elements-85c45c728f447e1712be426ce17bd7a9\" style=\"margin-top:var(--wp--preset--spacing--medium)\">PRICES &amp; RENTAL PERIODS<\/h3>\n\n<h4 class=\"wp-block-heading has-primary-color has-text-color has-link-color has-poppins-font-family wp-elements-c7a927520a80334186307e62ac9137c5\">Rental bikes<\/h4>\n\n<p class=\"has-primary-color has-text-color has-link-color has-poppins-font-family has-small-font-size wp-elements-ff2a4ca1591270080ba60c3f61af8968\">In 2025, we have a variety of motorcycles available for rental: Kawasaki Versys 650, Kawasaki Versys 1100, Yamaha Tracer 9, Yamaha Tenere 700, and Husqvarna 901.<\/p>\n\n<figure class=\"wp-block-gallery has-nested-images columns-default is-cropped wp-block-gallery-1 is-layout-flex wp-block-gallery-is-layout-flex\">\n<figure class=\"wp-block-image size-large\"><img loading=\"lazy\" decoding=\"async\" width=\"1024\" height=\"576\" data-id=\"640\" src=\"https:\/\/mctouringnorway.com\/wp-content\/uploads\/sites\/33\/2025\/03\/Husqvarna-Norden-901-MC-Touring-Norway-1024x576.webp\" alt=\"Husqvarna Norden 901 - MC Touring Norway\" class=\"wp-image-640\" srcset=\"https:\/\/mctouringnorway.com\/wp-content\/uploads\/sites\/33\/2025\/03\/Husqvarna-Norden-901-MC-Touring-Norway-1024x576.webp 1024w, https:\/\/mctouringnorway.com\/wp-content\/uploads\/sites\/33\/2025\/03\/Husqvarna-Norden-901-MC-Touring-Norway-300x169.webp 300w, https:\/\/mctouringnorway.com\/wp-content\/uploads\/sites\/33\/2025\/03\/Husqvarna-Norden-901-MC-Touring-Norway-768x432.webp 768w, https:\/\/mctouringnorway.com\/wp-content\/uploads\/sites\/33\/2025\/03\/Husqvarna-Norden-901-MC-Touring-Norway-1536x864.webp 1536w, https:\/\/mctouringnorway.com\/wp-content\/uploads\/sites\/33\/2025\/03\/Husqvarna-Norden-901-MC-Touring-Norway.webp 1920w\" sizes=\"auto, (max-width: 1024px) 100vw, 1024px\" \/><\/figure>\n\n\n\n<figure class=\"wp-block-image size-large\"><img loading=\"lazy\" decoding=\"async\" width=\"1024\" height=\"576\" data-id=\"642\" src=\"https:\/\/mctouringnorway.com\/wp-content\/uploads\/sites\/33\/2025\/03\/Kawasaki-Versys-650-MC-Touring-Norway-1024x576.webp\" alt=\"Kawasaki Versys 650 - MC Touring Norway\" class=\"wp-image-642\" srcset=\"https:\/\/mctouringnorway.com\/wp-content\/uploads\/sites\/33\/2025\/03\/Kawasaki-Versys-650-MC-Touring-Norway-1024x576.webp 1024w, https:\/\/mctouringnorway.com\/wp-content\/uploads\/sites\/33\/2025\/03\/Kawasaki-Versys-650-MC-Touring-Norway-300x169.webp 300w, https:\/\/mctouringnorway.com\/wp-content\/uploads\/sites\/33\/2025\/03\/Kawasaki-Versys-650-MC-Touring-Norway-768x432.webp 768w, https:\/\/mctouringnorway.com\/wp-content\/uploads\/sites\/33\/2025\/03\/Kawasaki-Versys-650-MC-Touring-Norway-1536x864.webp 1536w, https:\/\/mctouringnorway.com\/wp-content\/uploads\/sites\/33\/2025\/03\/Kawasaki-Versys-650-MC-Touring-Norway.webp 1920w\" sizes=\"auto, (max-width: 1024px) 100vw, 1024px\" \/><\/figure>\n\n\n\n<figure class=\"wp-block-image size-large\"><img loading=\"lazy\" decoding=\"async\" width=\"1024\" height=\"576\" data-id=\"643\" src=\"https:\/\/mctouringnorway.com\/wp-content\/uploads\/sites\/33\/2025\/03\/Kawasaki-Versys-1100-MC-Touring-Norway-1024x576.webp\" alt=\"Kawasaki Versys 1100 - MC Touring Norway\" class=\"wp-image-643\" srcset=\"https:\/\/mctouringnorway.com\/wp-content\/uploads\/sites\/33\/2025\/03\/Kawasaki-Versys-1100-MC-Touring-Norway-1024x576.webp 1024w, https:\/\/mctouringnorway.com\/wp-content\/uploads\/sites\/33\/2025\/03\/Kawasaki-Versys-1100-MC-Touring-Norway-300x169.webp 300w, https:\/\/mctouringnorway.com\/wp-content\/uploads\/sites\/33\/2025\/03\/Kawasaki-Versys-1100-MC-Touring-Norway-768x432.webp 768w, https:\/\/mctouringnorway.com\/wp-content\/uploads\/sites\/33\/2025\/03\/Kawasaki-Versys-1100-MC-Touring-Norway-1536x864.webp 1536w, https:\/\/mctouringnorway.com\/wp-content\/uploads\/sites\/33\/2025\/03\/Kawasaki-Versys-1100-MC-Touring-Norway.webp 1920w\" sizes=\"auto, (max-width: 1024px) 100vw, 1024px\" \/><\/figure>\n\n\n\n<figure class=\"wp-block-image size-large\"><img loading=\"lazy\" decoding=\"async\" width=\"1024\" height=\"576\" data-id=\"648\" src=\"https:\/\/mctouringnorway.com\/wp-content\/uploads\/sites\/33\/2025\/03\/Yamaha-Tenere-700-MC-Touring-Norway-1024x576.webp\" alt=\"Yamaha Tenere 700 - MC Touring Norway\" class=\"wp-image-648\" srcset=\"https:\/\/mctouringnorway.com\/wp-content\/uploads\/sites\/33\/2025\/03\/Yamaha-Tenere-700-MC-Touring-Norway-1024x576.webp 1024w, https:\/\/mctouringnorway.com\/wp-content\/uploads\/sites\/33\/2025\/03\/Yamaha-Tenere-700-MC-Touring-Norway-300x169.webp 300w, https:\/\/mctouringnorway.com\/wp-content\/uploads\/sites\/33\/2025\/03\/Yamaha-Tenere-700-MC-Touring-Norway-768x432.webp 768w, https:\/\/mctouringnorway.com\/wp-content\/uploads\/sites\/33\/2025\/03\/Yamaha-Tenere-700-MC-Touring-Norway-1536x864.webp 1536w, https:\/\/mctouringnorway.com\/wp-content\/uploads\/sites\/33\/2025\/03\/Yamaha-Tenere-700-MC-Touring-Norway.webp 1920w\" sizes=\"auto, (max-width: 1024px) 100vw, 1024px\" \/><\/figure>\n\n\n\n<figure class=\"wp-block-image size-large\"><img loading=\"lazy\" decoding=\"async\" width=\"1024\" height=\"576\" data-id=\"646\" src=\"https:\/\/mctouringnorway.com\/wp-content\/uploads\/sites\/33\/2025\/03\/Yamaha-Tracer-9-Mc-Touring-Norway-1024x576.jpeg\" alt=\"Yamaha Tracer 9 - MC Touring Norway\" class=\"wp-image-646\" srcset=\"https:\/\/mctouringnorway.com\/wp-content\/uploads\/sites\/33\/2025\/03\/Yamaha-Tracer-9-Mc-Touring-Norway-1024x576.jpeg 1024w, https:\/\/mctouringnorway.com\/wp-content\/uploads\/sites\/33\/2025\/03\/Yamaha-Tracer-9-Mc-Touring-Norway-300x169.jpeg 300w, https:\/\/mctouringnorway.com\/wp-content\/uploads\/sites\/33\/2025\/03\/Yamaha-Tracer-9-Mc-Touring-Norway-768x432.jpeg 768w, https:\/\/mctouringnorway.com\/wp-content\/uploads\/sites\/33\/2025\/03\/Yamaha-Tracer-9-Mc-Touring-Norway-1536x864.jpeg 1536w, https:\/\/mctouringnorway.com\/wp-content\/uploads\/sites\/33\/2025\/03\/Yamaha-Tracer-9-Mc-Touring-Norway.jpeg 1600w\" sizes=\"auto, (max-width: 1024px) 100vw, 1024px\" \/><\/figure>\n<\/figure>\n\n<div class=\"wp-block-columns is-layout-flex wp-container-core-columns-is-layout-2a359331 wp-block-columns-is-layout-flex\" style=\"margin-bottom:41px\">\n<div class=\"wp-block-column is-layout-flow wp-block-column-is-layout-flow\">\n<p class=\"has-primary-color has-text-color has-link-color wp-elements-5e97af0948a3803deba9bce7fe39f48e\" style=\"font-size:14px;font-style:normal;font-weight:700;line-height:1.8\">PERIOD<\/p>\n\n\n\n<p class=\"has-primary-color has-text-color has-link-color has-poppins-font-family wp-elements-5e37e63a86509a2bd4305e3f2f483995\" style=\"margin-top:5px;font-size:13px;line-height:1.8\">Days<\/p>\n\n\n\n<p class=\"has-primary-color has-text-color has-link-color has-poppins-font-family wp-elements-7fb390593724ef2b0891635225f16b93\" style=\"margin-top:2px;font-size:13px;line-height:1.8\">Weekend<\/p>\n\n\n\n<p class=\"has-primary-color has-text-color has-link-color has-poppins-font-family wp-elements-a799aaf98246aabe9214977016d9d8ab\" style=\"margin-top:2px;margin-bottom:0;font-size:13px;line-height:1.8\">Week  <\/p>\n<\/div>\n\n\n\n<div class=\"wp-block-column is-layout-flow wp-block-column-is-layout-flow\">\n<p class=\"has-primary-color has-text-color has-link-color wp-elements-2e384c8362580ee641f869355cbb3fae\" style=\"font-size:clamp(14px, 0.875rem + ((1vw - 3.2px) * 0.179), 16px);font-style:normal;font-weight:700;line-height:1.8\">PRICE<\/p>\n\n\n\n<p class=\"has-primary-color has-text-color has-link-color has-poppins-font-family wp-elements-5e0ea02307627d1aa74d819fb2bd0145\" style=\"margin-top:5px;font-size:13px;line-height:1.8\">2.500,-<\/p>\n\n\n\n<p class=\"has-primary-color has-text-color has-link-color has-poppins-font-family wp-elements-b798e2a9175d91de541d8d2f36bad716\" style=\"margin-top:2px;font-size:13px;line-height:1.8\">8.500,-  <\/p>\n\n\n\n<p class=\"has-primary-color has-text-color has-link-color has-poppins-font-family wp-elements-37ee2af8c0f2d36d6f5dd4c3c80447a2\" style=\"margin-top:2px;font-size:13px;line-height:1.8\">15.000,-<\/p>\n<\/div>\n\n\n\n<div class=\"wp-block-column is-layout-flow wp-block-column-is-layout-flow\">\n<p class=\"has-primary-color has-text-color has-link-color has-poppins-font-family wp-elements-7f0668cc22fef193de9b3ef9aaa055da\" style=\"font-size:clamp(14px, 0.875rem + ((1vw - 3.2px) * 0.179), 16px);font-style:normal;font-weight:700;line-height:1.8\">INCL.KM.PER DAY  <\/p>\n\n\n\n<p class=\"has-primary-color has-text-color has-link-color has-poppins-font-family wp-elements-7530d571b43457fabdc6c52f5fd01883\" style=\"margin-top:5px;font-size:13px;line-height:1.8\">300 km (186 miles)<\/p>\n\n\n\n<p class=\"has-primary-color has-text-color has-link-color has-poppins-font-family wp-elements-02809d0db40e567eeaf5f35d918fca8d\" style=\"margin-top:2px;font-size:13px;line-height:1.8\">300 km (186 miles)<\/p>\n\n\n\n<p class=\"has-primary-color has-text-color has-link-color has-poppins-font-family wp-elements-02809d0db40e567eeaf5f35d918fca8d\" style=\"margin-top:2px;font-size:13px;line-height:1.8\">300 km (186 miles)<\/p>\n<\/div>\n\n\n\n<div class=\"wp-block-column is-layout-flow wp-block-column-is-layout-flow\">\n<p class=\"has-primary-color has-text-color has-link-color has-poppins-font-family wp-elements-addddb277da4480165a442ee03def286\" style=\"font-size:clamp(14px, 0.875rem + ((1vw - 3.2px) * 0.179), 16px);font-style:normal;font-weight:700;line-height:1.8\">EXTRA PR.KM<\/p>\n\n\n\n<p class=\"has-primary-color has-text-color has-link-color has-poppins-font-family wp-elements-b125989056d247bbd8dd4104d2844393\" style=\"margin-top:5px;font-size:13px;line-height:1.8\">  3,-<\/p>\n\n\n\n<p class=\"has-primary-color has-text-color has-link-color has-poppins-font-family wp-elements-397dbd4566dee60799331a83b5ade410\" style=\"margin-top:2px;font-size:13px;line-height:1.8\">  3,-<\/p>\n\n\n\n<p class=\"has-primary-color has-text-color has-link-color has-poppins-font-family wp-elements-90cb916fdc2c5b43b9227755d5dfe899\" style=\"margin-top:2px;font-size:13px;line-height:1.8\">3,-<\/p>\n<\/div>\n<\/div>\n\n<h4 class=\"wp-block-heading has-primary-color has-text-color has-link-color wp-elements-a2236928e01ebe6cf0f373972ed6ef62\" style=\"font-style:normal;font-weight:700\">SPECIFICATIONS<\/h4>\n\n<p class=\"has-primary-color has-text-color has-link-color has-poppins-font-family wp-elements-c50459d063aaf73fa47731b7215fd20a\" style=\"line-height:1.8\">Insurance is included. Deductible up to NOK 20.000,- <\/p>\n\n<p class=\"has-primary-color has-text-color has-link-color has-poppins-font-family wp-elements-f9bb37f5ff884d1b981bebf07435a0a5\" style=\"line-height:1.8\">Day rental, from 12:00 to 10:00 the next day.<\/p>\n\n<p class=\"has-primary-color has-text-color has-link-color has-poppins-font-family wp-elements-345d3458b3a463e525c48d43e853560d\" style=\"line-height:1.8\">Weekend charter Friday at 12:00 to Monday at 10:00.Week charter Monday to Monday or Friday to Friday.  <\/p>\n\n<p class=\"has-primary-color has-text-color has-link-color has-poppins-font-family wp-elements-2347cdf1c88c12b78f2aa3f5c117dca6\" style=\"line-height:1.8\">Collection from 12:00 and delivery at 10:00.<\/p>\n\n<p class=\"has-primary-color has-text-color has-link-color has-poppins-font-family wp-elements-1ece16a41c34c65622f8b3830a3acd47\" style=\"line-height:1.8\">Delivery outside our opening hours will be charged at NOK 500 and must be agreed separately in advance. When driving outside of Norway, a surcharge of NOK 200 per day will apply.  <\/p>\n\n<h4 class=\"wp-block-heading has-primary-color has-text-color has-link-color wp-elements-31da03443082e7fe74a510edc864cd1d\" style=\"margin-top:var(--wp--preset--spacing--large);font-style:normal;font-weight:700\">DEPOSIT<\/h4>\n\n<p class=\"has-primary-color has-text-color has-link-color has-poppins-font-family wp-elements-5609f3e80fcaa81e2012c9f787aad6b9\" style=\"line-height:1.8\">Ved reservasjon av utleie sykkel, m\u00e5 det betales et depositum p\u00e5 10% av totalbel\u00f8pet, minimum kr 2.000,- reservasjonen er f\u00f8rst gyldig n\u00e5r depositumet er registrert mottatt. Depositumet refunderes med 100% ved avbestilling inntil 3 mnd f\u00f8r utleietidspunkt, og 50% refunderes ved avbestilling inntil 1 mnd. f\u00f8r leietidspunktet. Ved avbestilling mindre enn en mnd f\u00f8r leieforholdet refunderes ikke depositumet.   <\/p>\n\n<h4 class=\"wp-block-heading has-primary-color has-text-color has-link-color wp-elements-199ed30be3568fbe3fffc812a64011b3\" style=\"margin-top:var(--wp--preset--spacing--large);font-style:normal;font-weight:700\">INSURANCE<\/h4>\n\n<p class=\"has-primary-color has-text-color has-link-color has-poppins-font-family wp-elements-382532897cb4a9d844acdf3b16f47161\" style=\"line-height:1.8\">All motorcycles are insured with full comprehensive insurance, the deductible in case of comprehensive damage is NOK 20,000, &#8211; It will be reserved on a credit card before delivery of the bike.<\/p>\n\n<h4 class=\"wp-block-heading has-primary-color has-text-color has-link-color wp-elements-bc37a4c3d8b9638e1eb63dbc2d3a643a\" style=\"margin-top:var(--wp--preset--spacing--large);font-style:normal;font-weight:700\">MORE INFORMATION ABOUT RENTAL?<\/h4>\n\n<p class=\"has-primary-color has-text-color has-link-color has-poppins-font-family wp-elements-8740b9755204f9b84cea7debc697d302\">Please contact Terje Bredal, e-mail: <a href=\"mailto:info@mctn.no\">info@mctn.no<\/a> tel: +47 997 04 500.<\/p>\n\n<div class=\"wp-block-buttons is-layout-flex wp-block-buttons-is-layout-flex\">\n<div class=\"wp-block-button\"><a class=\"wp-block-button__link wp-element-button\" href=\"mailto:info@mctn.no\">CONTACT TERJE<\/a><\/div>\n<\/div>\n","protected":false},"excerpt":{"rendered":"<p>Now you can fulfill your dream of experiencing Norway in the best possible way without owning your own motorcycle. With us, you can rent a motorcycle and explore Norway&#8217;s spectacular landscape in the best possible way. From 2025, we offer an expanded range of high-quality models from Yamaha, Kawasaki and Husqvarna &#8211; all known for [&hellip;]<\/p>\n","protected":false},"author":53,"featured_media":0,"parent":0,"menu_order":0,"comment_status":"closed","ping_status":"closed","template":"","meta":{"_acf_changed":false,"footnotes":""},"class_list":["post-587","page","type-page","status-publish","hentry"],"acf":[],"yoast_head":"<!-- This site is optimized with the Yoast SEO plugin v27.5 - https:\/\/yoast.com\/product\/yoast-seo-wordpress\/ -->\n<title>Rent a motorcycle - MC Touring Norway Dev<\/title>\n<meta name=\"robots\" content=\"index, follow, max-snippet:-1, max-image-preview:large, max-video-preview:-1\" \/>\n<link rel=\"canonical\" href=\"https:\/\/mctouringnorway.com\/en\/rent-a-motorcycle\/\" \/>\n<meta property=\"og:locale\" content=\"en_US\" \/>\n<meta property=\"og:type\" content=\"article\" \/>\n<meta property=\"og:title\" content=\"Rent a motorcycle - MC Touring Norway Dev\" \/>\n<meta property=\"og:description\" content=\"Now you can fulfill your dream of experiencing Norway in the best possible way without owning your own motorcycle. With us, you can rent a motorcycle and explore Norway&#8217;s spectacular landscape in the best possible way. From 2025, we offer an expanded range of high-quality models from Yamaha, Kawasaki and Husqvarna &#8211; all known for [&hellip;]\" \/>\n<meta property=\"og:url\" content=\"https:\/\/mctouringnorway.com\/en\/rent-a-motorcycle\/\" \/>\n<meta property=\"og:site_name\" content=\"MC Touring Norway Dev\" \/>\n<meta property=\"article:modified_time\" content=\"2025-03-14T16:21:28+00:00\" \/>\n<meta property=\"og:image\" content=\"https:\/\/mctouringnorway.com\/wp-content\/uploads\/sites\/33\/2024\/12\/norge-large-mc-touring.jpg\" \/>\n\t<meta property=\"og:image:width\" content=\"1920\" \/>\n\t<meta property=\"og:image:height\" content=\"1080\" \/>\n\t<meta property=\"og:image:type\" content=\"image\/jpeg\" \/>\n<meta name=\"twitter:card\" content=\"summary_large_image\" \/>\n<meta name=\"twitter:label1\" content=\"Est. reading time\" \/>\n\t<meta name=\"twitter:data1\" content=\"2 minutes\" \/>\n<script type=\"application\/ld+json\" class=\"yoast-schema-graph\">{\"@context\":\"https:\\\/\\\/schema.org\",\"@graph\":[{\"@type\":\"WebPage\",\"@id\":\"https:\\\/\\\/mctouringnorway.com\\\/en\\\/rent-a-motorcycle\\\/\",\"url\":\"https:\\\/\\\/mctouringnorway.com\\\/en\\\/rent-a-motorcycle\\\/\",\"name\":\"Rent a motorcycle - MC Touring Norway Dev\",\"isPartOf\":{\"@id\":\"https:\\\/\\\/mctouringnorway.com\\\/en\\\/#website\"},\"primaryImageOfPage\":{\"@id\":\"https:\\\/\\\/mctouringnorway.com\\\/en\\\/rent-a-motorcycle\\\/#primaryimage\"},\"image\":{\"@id\":\"https:\\\/\\\/mctouringnorway.com\\\/en\\\/rent-a-motorcycle\\\/#primaryimage\"},\"thumbnailUrl\":\"https:\\\/\\\/mctouringnorway.com\\\/wp-content\\\/uploads\\\/sites\\\/33\\\/2024\\\/12\\\/norge-large-mc-touring.jpg\",\"datePublished\":\"2024-12-30T17:31:07+00:00\",\"dateModified\":\"2025-03-14T16:21:28+00:00\",\"breadcrumb\":{\"@id\":\"https:\\\/\\\/mctouringnorway.com\\\/en\\\/rent-a-motorcycle\\\/#breadcrumb\"},\"inLanguage\":\"en-US\",\"potentialAction\":[{\"@type\":\"ReadAction\",\"target\":[\"https:\\\/\\\/mctouringnorway.com\\\/en\\\/rent-a-motorcycle\\\/\"]}]},{\"@type\":\"ImageObject\",\"inLanguage\":\"en-US\",\"@id\":\"https:\\\/\\\/mctouringnorway.com\\\/en\\\/rent-a-motorcycle\\\/#primaryimage\",\"url\":\"https:\\\/\\\/mctouringnorway.com\\\/wp-content\\\/uploads\\\/sites\\\/33\\\/2024\\\/12\\\/norge-large-mc-touring.jpg\",\"contentUrl\":\"https:\\\/\\\/mctouringnorway.com\\\/wp-content\\\/uploads\\\/sites\\\/33\\\/2024\\\/12\\\/norge-large-mc-touring.jpg\"},{\"@type\":\"BreadcrumbList\",\"@id\":\"https:\\\/\\\/mctouringnorway.com\\\/en\\\/rent-a-motorcycle\\\/#breadcrumb\",\"itemListElement\":[{\"@type\":\"ListItem\",\"position\":1,\"name\":\"Home\",\"item\":\"https:\\\/\\\/mctouringnorway.com\\\/en\\\/front-page\\\/\"},{\"@type\":\"ListItem\",\"position\":2,\"name\":\"Rent a motorcycle\"}]},{\"@type\":\"WebSite\",\"@id\":\"https:\\\/\\\/mctouringnorway.com\\\/en\\\/#website\",\"url\":\"https:\\\/\\\/mctouringnorway.com\\\/en\\\/\",\"name\":\"MC Touring Norway Dev\",\"description\":\"\",\"publisher\":{\"@id\":\"https:\\\/\\\/mctouringnorway.com\\\/en\\\/#organization\"},\"potentialAction\":[{\"@type\":\"SearchAction\",\"target\":{\"@type\":\"EntryPoint\",\"urlTemplate\":\"https:\\\/\\\/mctouringnorway.com\\\/en\\\/?s={search_term_string}\"},\"query-input\":{\"@type\":\"PropertyValueSpecification\",\"valueRequired\":true,\"valueName\":\"search_term_string\"}}],\"inLanguage\":\"en-US\"},{\"@type\":\"Organization\",\"@id\":\"https:\\\/\\\/mctouringnorway.com\\\/en\\\/#organization\",\"name\":\"MC Touring Norway Dev\",\"url\":\"https:\\\/\\\/mctouringnorway.com\\\/en\\\/\",\"logo\":{\"@type\":\"ImageObject\",\"inLanguage\":\"en-US\",\"@id\":\"https:\\\/\\\/mctouringnorway.com\\\/en\\\/#\\\/schema\\\/logo\\\/image\\\/\",\"url\":\"https:\\\/\\\/mctouringnorway.com\\\/wp-content\\\/uploads\\\/sites\\\/33\\\/2024\\\/12\\\/mc-touring-norway-logo-horizontal-1.png\",\"contentUrl\":\"https:\\\/\\\/mctouringnorway.com\\\/wp-content\\\/uploads\\\/sites\\\/33\\\/2024\\\/12\\\/mc-touring-norway-logo-horizontal-1.png\",\"width\":250,\"height\":70,\"caption\":\"MC Touring Norway Dev\"},\"image\":{\"@id\":\"https:\\\/\\\/mctouringnorway.com\\\/en\\\/#\\\/schema\\\/logo\\\/image\\\/\"}}]}<\/script>\n<!-- \/ Yoast SEO plugin. -->","yoast_head_json":{"title":"Rent a motorcycle - MC Touring Norway Dev","robots":{"index":"index","follow":"follow","max-snippet":"max-snippet:-1","max-image-preview":"max-image-preview:large","max-video-preview":"max-video-preview:-1"},"canonical":"https:\/\/mctouringnorway.com\/en\/rent-a-motorcycle\/","og_locale":"en_US","og_type":"article","og_title":"Rent a motorcycle - MC Touring Norway Dev","og_description":"Now you can fulfill your dream of experiencing Norway in the best possible way without owning your own motorcycle. With us, you can rent a motorcycle and explore Norway&#8217;s spectacular landscape in the best possible way. From 2025, we offer an expanded range of high-quality models from Yamaha, Kawasaki and Husqvarna &#8211; all known for [&hellip;]","og_url":"https:\/\/mctouringnorway.com\/en\/rent-a-motorcycle\/","og_site_name":"MC Touring Norway Dev","article_modified_time":"2025-03-14T16:21:28+00:00","og_image":[{"width":1920,"height":1080,"url":"https:\/\/mctouringnorway.com\/wp-content\/uploads\/sites\/33\/2024\/12\/norge-large-mc-touring.jpg","type":"image\/jpeg"}],"twitter_card":"summary_large_image","twitter_misc":{"Est. reading time":"2 minutes"},"schema":{"@context":"https:\/\/schema.org","@graph":[{"@type":"WebPage","@id":"https:\/\/mctouringnorway.com\/en\/rent-a-motorcycle\/","url":"https:\/\/mctouringnorway.com\/en\/rent-a-motorcycle\/","name":"Rent a motorcycle - MC Touring Norway Dev","isPartOf":{"@id":"https:\/\/mctouringnorway.com\/en\/#website"},"primaryImageOfPage":{"@id":"https:\/\/mctouringnorway.com\/en\/rent-a-motorcycle\/#primaryimage"},"image":{"@id":"https:\/\/mctouringnorway.com\/en\/rent-a-motorcycle\/#primaryimage"},"thumbnailUrl":"https:\/\/mctouringnorway.com\/wp-content\/uploads\/sites\/33\/2024\/12\/norge-large-mc-touring.jpg","datePublished":"2024-12-30T17:31:07+00:00","dateModified":"2025-03-14T16:21:28+00:00","breadcrumb":{"@id":"https:\/\/mctouringnorway.com\/en\/rent-a-motorcycle\/#breadcrumb"},"inLanguage":"en-US","potentialAction":[{"@type":"ReadAction","target":["https:\/\/mctouringnorway.com\/en\/rent-a-motorcycle\/"]}]},{"@type":"ImageObject","inLanguage":"en-US","@id":"https:\/\/mctouringnorway.com\/en\/rent-a-motorcycle\/#primaryimage","url":"https:\/\/mctouringnorway.com\/wp-content\/uploads\/sites\/33\/2024\/12\/norge-large-mc-touring.jpg","contentUrl":"https:\/\/mctouringnorway.com\/wp-content\/uploads\/sites\/33\/2024\/12\/norge-large-mc-touring.jpg"},{"@type":"BreadcrumbList","@id":"https:\/\/mctouringnorway.com\/en\/rent-a-motorcycle\/#breadcrumb","itemListElement":[{"@type":"ListItem","position":1,"name":"Home","item":"https:\/\/mctouringnorway.com\/en\/front-page\/"},{"@type":"ListItem","position":2,"name":"Rent a motorcycle"}]},{"@type":"WebSite","@id":"https:\/\/mctouringnorway.com\/en\/#website","url":"https:\/\/mctouringnorway.com\/en\/","name":"MC Touring Norway Dev","description":"","publisher":{"@id":"https:\/\/mctouringnorway.com\/en\/#organization"},"potentialAction":[{"@type":"SearchAction","target":{"@type":"EntryPoint","urlTemplate":"https:\/\/mctouringnorway.com\/en\/?s={search_term_string}"},"query-input":{"@type":"PropertyValueSpecification","valueRequired":true,"valueName":"search_term_string"}}],"inLanguage":"en-US"},{"@type":"Organization","@id":"https:\/\/mctouringnorway.com\/en\/#organization","name":"MC Touring Norway Dev","url":"https:\/\/mctouringnorway.com\/en\/","logo":{"@type":"ImageObject","inLanguage":"en-US","@id":"https:\/\/mctouringnorway.com\/en\/#\/schema\/logo\/image\/","url":"https:\/\/mctouringnorway.com\/wp-content\/uploads\/sites\/33\/2024\/12\/mc-touring-norway-logo-horizontal-1.png","contentUrl":"https:\/\/mctouringnorway.com\/wp-content\/uploads\/sites\/33\/2024\/12\/mc-touring-norway-logo-horizontal-1.png","width":250,"height":70,"caption":"MC Touring Norway Dev"},"image":{"@id":"https:\/\/mctouringnorway.com\/en\/#\/schema\/logo\/image\/"}}]}},"_links":{"self":[{"href":"https:\/\/mctouringnorway.com\/en\/wp-json\/wp\/v2\/pages\/587","targetHints":{"allow":["GET"]}}],"collection":[{"href":"https:\/\/mctouringnorway.com\/en\/wp-json\/wp\/v2\/pages"}],"about":[{"href":"https:\/\/mctouringnorway.com\/en\/wp-json\/wp\/v2\/types\/page"}],"author":[{"embeddable":true,"href":"https:\/\/mctouringnorway.com\/en\/wp-json\/wp\/v2\/users\/53"}],"replies":[{"embeddable":true,"href":"https:\/\/mctouringnorway.com\/en\/wp-json\/wp\/v2\/comments?post=587"}],"version-history":[{"count":4,"href":"https:\/\/mctouringnorway.com\/en\/wp-json\/wp\/v2\/pages\/587\/revisions"}],"predecessor-version":[{"id":656,"href":"https:\/\/mctouringnorway.com\/en\/wp-json\/wp\/v2\/pages\/587\/revisions\/656"}],"wp:attachment":[{"href":"https:\/\/mctouringnorway.com\/en\/wp-json\/wp\/v2\/media?parent=587"}],"curies":[{"name":"wp","href":"https:\/\/api.w.org\/{rel}","templated":true}]}}