{"id":589,"date":"2024-12-30T17:29:08","date_gmt":"2024-12-30T17:29:08","guid":{"rendered":"https:\/\/mctouringnorway.com\/about-us\/"},"modified":"2025-03-10T23:00:17","modified_gmt":"2025-03-10T23:00:17","slug":"about-us","status":"publish","type":"page","link":"https:\/\/mctouringnorway.com\/en\/about-us\/","title":{"rendered":"About us"},"content":{"rendered":"\n<div class=\"wp-block-cover alignfull\" style=\"min-height:265px;aspect-ratio:unset;\"><span aria-hidden=\"true\" class=\"wp-block-cover__background has-background-dim\"><\/span><img loading=\"lazy\" decoding=\"async\" width=\"1920\" height=\"1080\" class=\"wp-block-cover__image-background wp-image-30\" alt=\"\" src=\"https:\/\/mctouringnorway.com\/wp-content\/uploads\/sites\/33\/2024\/12\/norge-large-mc-touring.jpg\" style=\"object-position:46% 64%\" data-object-fit=\"cover\" data-object-position=\"46% 64%\" srcset=\"https:\/\/mctouringnorway.com\/wp-content\/uploads\/sites\/33\/2024\/12\/norge-large-mc-touring.jpg 1920w, https:\/\/mctouringnorway.com\/wp-content\/uploads\/sites\/33\/2024\/12\/norge-large-mc-touring-300x169.jpg 300w, https:\/\/mctouringnorway.com\/wp-content\/uploads\/sites\/33\/2024\/12\/norge-large-mc-touring-1024x576.jpg 1024w, https:\/\/mctouringnorway.com\/wp-content\/uploads\/sites\/33\/2024\/12\/norge-large-mc-touring-768x432.jpg 768w, https:\/\/mctouringnorway.com\/wp-content\/uploads\/sites\/33\/2024\/12\/norge-large-mc-touring-1536x864.jpg 1536w\" sizes=\"auto, (max-width: 1920px) 100vw, 1920px\" \/><div class=\"wp-block-cover__inner-container is-layout-flow wp-block-cover-is-layout-flow\">\n<p class=\"has-text-align-center has-warning-color has-text-color has-link-color wp-elements-d79209cb9c15dd81cede1caa6f72397c\" style=\"margin-top:0;margin-bottom:0;padding-right:0px;padding-bottom:var(--wp--preset--spacing--extra-large);padding-left:0px;font-size:clamp(28.836px, 1.802rem + ((1vw - 3.2px) * 1.89), 50px);font-style:normal;font-weight:600\">On a trip with Terje!<\/p>\n<\/div><\/div>\n\n<p class=\"has-primary-color has-text-color has-link-color has-poppins-font-family has-medium-font-size wp-elements-a190963b778d087af39b8c575176db94\" style=\"margin-top:var(--wp--preset--spacing--extra-large)\">MC Touring Norway offers guided motorcycle tours in Norway and abroad for both small and large groups. Our focus is on tours in Norway, and with decades of experience in motorcycling across our beautiful country, we have been virtually everywhere. We have handpicked the best tours and experiences for you, so all you need to do is show up and enjoy the ride. We know Norway from the motorcycle seat!<\/p>\n\n<p class=\"has-primary-color has-text-color has-link-color has-poppins-font-family has-small-font-size wp-elements-520c0fbb8a6160c5a8a3ba391dee93c1\">After running Speed MC in Sandefjord for 13 years, Terje Bredal decided in 2019 to start up motorcycle tours for groups.<\/p>\n\n<p class=\"has-primary-color has-text-color has-link-color has-poppins-font-family wp-elements-e525a88d1d3803f226950dff16da4a18\"><br\/>Motorsykler, MC og turkj\u00f8ring har alltid v\u00e6rt hobbyen og lidenskapen til Terje og han har lenge tenkt at dette er noe han ogs\u00e5 \u00f8nsket \u00e5 tilby flere. Terje has traveled far and wide across Norway, as well as large parts of Europe, on his motorcycle. He never tires of the amazing nature in Norway and the unique opportunities each part of the country offers. With Terje&#8217;s experience and expertise, we can guarantee that you will have a successful trip.<\/p>\n\n<figure class=\"wp-block-gallery has-nested-images columns-4 is-cropped wp-block-gallery-1 is-layout-flex wp-block-gallery-is-layout-flex\" style=\"margin-top:var(--wp--preset--spacing--giant);margin-bottom:var(--wp--preset--spacing--giant)\">\n<figure class=\"wp-block-image size-large\"><img loading=\"lazy\" decoding=\"async\" width=\"676\" height=\"380\" data-id=\"85\" src=\"https:\/\/mctouringnorway.com\/wp-content\/uploads\/sites\/33\/2024\/12\/karusell-om-oss-4.jpg\" alt=\"\" class=\"wp-image-85\" srcset=\"https:\/\/mctouringnorway.com\/wp-content\/uploads\/sites\/33\/2024\/12\/karusell-om-oss-4.jpg 676w, https:\/\/mctouringnorway.com\/wp-content\/uploads\/sites\/33\/2024\/12\/karusell-om-oss-4-300x169.jpg 300w\" sizes=\"auto, (max-width: 676px) 100vw, 676px\" \/><\/figure>\n\n\n\n<figure class=\"wp-block-image size-large\"><img loading=\"lazy\" decoding=\"async\" width=\"676\" height=\"380\" data-id=\"90\" src=\"https:\/\/mctouringnorway.com\/wp-content\/uploads\/sites\/33\/2024\/12\/karusell-mctouringnorway-5.jpg\" alt=\"\" class=\"wp-image-90\" srcset=\"https:\/\/mctouringnorway.com\/wp-content\/uploads\/sites\/33\/2024\/12\/karusell-mctouringnorway-5.jpg 676w, https:\/\/mctouringnorway.com\/wp-content\/uploads\/sites\/33\/2024\/12\/karusell-mctouringnorway-5-300x169.jpg 300w\" sizes=\"auto, (max-width: 676px) 100vw, 676px\" \/><\/figure>\n\n\n\n<figure class=\"wp-block-image size-large\"><img loading=\"lazy\" decoding=\"async\" width=\"676\" height=\"380\" data-id=\"87\" src=\"https:\/\/mctouringnorway.com\/wp-content\/uploads\/sites\/33\/2024\/12\/karusell-om-oss-2.jpg\" alt=\"\" class=\"wp-image-87\" srcset=\"https:\/\/mctouringnorway.com\/wp-content\/uploads\/sites\/33\/2024\/12\/karusell-om-oss-2.jpg 676w, https:\/\/mctouringnorway.com\/wp-content\/uploads\/sites\/33\/2024\/12\/karusell-om-oss-2-300x169.jpg 300w\" sizes=\"auto, (max-width: 676px) 100vw, 676px\" \/><\/figure>\n\n\n\n<figure class=\"wp-block-image size-large\"><img loading=\"lazy\" decoding=\"async\" width=\"676\" height=\"380\" data-id=\"81\" src=\"https:\/\/mctouringnorway.com\/wp-content\/uploads\/sites\/33\/2024\/12\/karusell-om-oss-8.jpg\" alt=\"\" class=\"wp-image-81\" srcset=\"https:\/\/mctouringnorway.com\/wp-content\/uploads\/sites\/33\/2024\/12\/karusell-om-oss-8.jpg 676w, https:\/\/mctouringnorway.com\/wp-content\/uploads\/sites\/33\/2024\/12\/karusell-om-oss-8-300x169.jpg 300w\" sizes=\"auto, (max-width: 676px) 100vw, 676px\" \/><\/figure>\n\n\n\n<figure class=\"wp-block-image size-large\"><img loading=\"lazy\" decoding=\"async\" width=\"676\" height=\"380\" data-id=\"84\" src=\"https:\/\/mctouringnorway.com\/wp-content\/uploads\/sites\/33\/2024\/12\/karusell-om-oss-5.jpg\" alt=\"\" class=\"wp-image-84\" srcset=\"https:\/\/mctouringnorway.com\/wp-content\/uploads\/sites\/33\/2024\/12\/karusell-om-oss-5.jpg 676w, https:\/\/mctouringnorway.com\/wp-content\/uploads\/sites\/33\/2024\/12\/karusell-om-oss-5-300x169.jpg 300w\" sizes=\"auto, (max-width: 676px) 100vw, 676px\" \/><\/figure>\n\n\n\n<figure class=\"wp-block-image size-large\"><img loading=\"lazy\" decoding=\"async\" width=\"676\" height=\"380\" data-id=\"86\" src=\"https:\/\/mctouringnorway.com\/wp-content\/uploads\/sites\/33\/2024\/12\/karusell-om-oss-3.jpg\" alt=\"\" class=\"wp-image-86\" srcset=\"https:\/\/mctouringnorway.com\/wp-content\/uploads\/sites\/33\/2024\/12\/karusell-om-oss-3.jpg 676w, https:\/\/mctouringnorway.com\/wp-content\/uploads\/sites\/33\/2024\/12\/karusell-om-oss-3-300x169.jpg 300w\" sizes=\"auto, (max-width: 676px) 100vw, 676px\" \/><\/figure>\n\n\n\n<figure class=\"wp-block-image size-large\"><img loading=\"lazy\" decoding=\"async\" width=\"450\" height=\"250\" data-id=\"24\" src=\"https:\/\/mctouringnorway.com\/wp-content\/uploads\/sites\/33\/2024\/12\/om-oss-3.jpg\" alt=\"\" class=\"wp-image-24\" srcset=\"https:\/\/mctouringnorway.com\/wp-content\/uploads\/sites\/33\/2024\/12\/om-oss-3.jpg 450w, https:\/\/mctouringnorway.com\/wp-content\/uploads\/sites\/33\/2024\/12\/om-oss-3-300x167.jpg 300w\" sizes=\"auto, (max-width: 450px) 100vw, 450px\" \/><\/figure>\n\n\n\n<figure class=\"wp-block-image size-large\"><img loading=\"lazy\" decoding=\"async\" width=\"676\" height=\"380\" data-id=\"83\" src=\"https:\/\/mctouringnorway.com\/wp-content\/uploads\/sites\/33\/2024\/12\/karusell-om-oss-6.jpg\" alt=\"\" class=\"wp-image-83\" srcset=\"https:\/\/mctouringnorway.com\/wp-content\/uploads\/sites\/33\/2024\/12\/karusell-om-oss-6.jpg 676w, https:\/\/mctouringnorway.com\/wp-content\/uploads\/sites\/33\/2024\/12\/karusell-om-oss-6-300x169.jpg 300w\" sizes=\"auto, (max-width: 676px) 100vw, 676px\" \/><\/figure>\n\n\n\n<figure class=\"wp-block-image size-large\"><img loading=\"lazy\" decoding=\"async\" width=\"676\" height=\"380\" data-id=\"82\" src=\"https:\/\/mctouringnorway.com\/wp-content\/uploads\/sites\/33\/2024\/12\/karusell-om-oss-7.jpg\" alt=\"\" class=\"wp-image-82\" srcset=\"https:\/\/mctouringnorway.com\/wp-content\/uploads\/sites\/33\/2024\/12\/karusell-om-oss-7.jpg 676w, https:\/\/mctouringnorway.com\/wp-content\/uploads\/sites\/33\/2024\/12\/karusell-om-oss-7-300x169.jpg 300w\" sizes=\"auto, (max-width: 676px) 100vw, 676px\" \/><\/figure>\n\n\n\n<figure class=\"wp-block-image size-large\"><img loading=\"lazy\" decoding=\"async\" width=\"676\" height=\"380\" data-id=\"91\" src=\"https:\/\/mctouringnorway.com\/wp-content\/uploads\/sites\/33\/2024\/12\/karusell-mctouringnorway-4.jpg\" alt=\"\" class=\"wp-image-91\" srcset=\"https:\/\/mctouringnorway.com\/wp-content\/uploads\/sites\/33\/2024\/12\/karusell-mctouringnorway-4.jpg 676w, https:\/\/mctouringnorway.com\/wp-content\/uploads\/sites\/33\/2024\/12\/karusell-mctouringnorway-4-300x169.jpg 300w\" sizes=\"auto, (max-width: 676px) 100vw, 676px\" \/><\/figure>\n\n\n\n<figure class=\"wp-block-image size-large\"><img loading=\"lazy\" decoding=\"async\" width=\"676\" height=\"380\" data-id=\"89\" src=\"https:\/\/mctouringnorway.com\/wp-content\/uploads\/sites\/33\/2024\/12\/karusell-mctouringnorway-6.jpg\" alt=\"\" class=\"wp-image-89\" srcset=\"https:\/\/mctouringnorway.com\/wp-content\/uploads\/sites\/33\/2024\/12\/karusell-mctouringnorway-6.jpg 676w, https:\/\/mctouringnorway.com\/wp-content\/uploads\/sites\/33\/2024\/12\/karusell-mctouringnorway-6-300x169.jpg 300w\" sizes=\"auto, (max-width: 676px) 100vw, 676px\" \/><\/figure>\n<\/figure>\n\n<p class=\"has-primary-color has-text-color has-link-color has-poppins-font-family wp-elements-309f723acbb930305e2c8dd1296f3428\">With MC Touring Norway, you&#8217;re in safe hands and will have amazing experiences\u2014both on the road and at your destination. We offer you a rare journey filled with continuous sensory impressions, both on and off the motorcycle seat. To make your experience truly special even after you&#8217;ve parked your motorcycle for the evening, <a href=\"https:\/\/mctouringnorway.com\/historiske\/\" data-type=\"link\" data-id=\"https:\/\/mctouringnorway.com\/historiske\/\">we collaborate with De Historiske Hotels and Restaurants<\/a> in Norway. In other words, you can be sure that you&#8217;ll always stay at a unique hotel and enjoy delicious food once the day&#8217;s ride is over.<\/p>\n\n<p class=\"has-primary-color has-text-color has-link-color has-poppins-font-family has-small-font-size wp-elements-e294884640cb3e9b39a0f78d5f63195e\" style=\"margin-bottom:var(--wp--preset--spacing--huge)\">Look forward to amazing roads, towering landscapes with deep valleys and high mountains, spectacular views, refreshing lakes and fjords, and world-class cultural and gastronomic experiences!<\/p>\n\n<h3 class=\"wp-block-heading has-primary-color has-text-color has-link-color wp-elements-6ef8a87b4641b3d97ad54721e8d8661f\" style=\"font-style:normal;font-weight:700\">CONTACT INFORMATION<\/h3>\n\n<div class=\"wp-block-columns is-layout-flex wp-container-core-columns-is-layout-65ca67ef wp-block-columns-is-layout-flex\" style=\"margin-bottom:var(--wp--preset--spacing--huge)\">\n<div class=\"wp-block-column is-layout-flow wp-block-column-is-layout-flow\" style=\"flex-basis:22%\">\n<figure class=\"wp-block-image size-full is-resized\"><img loading=\"lazy\" decoding=\"async\" width=\"299\" height=\"300\" src=\"https:\/\/mctouringnorway.com\/wp-content\/uploads\/sites\/33\/2024\/12\/terje-bredal.png\" alt=\"\" class=\"wp-image-13\" style=\"width:196px;height:auto\" srcset=\"https:\/\/mctouringnorway.com\/wp-content\/uploads\/sites\/33\/2024\/12\/terje-bredal.png 299w, https:\/\/mctouringnorway.com\/wp-content\/uploads\/sites\/33\/2024\/12\/terje-bredal-150x150.png 150w\" sizes=\"auto, (max-width: 299px) 100vw, 299px\" \/><\/figure>\n<\/div>\n\n\n\n<div class=\"wp-block-column is-layout-flow wp-block-column-is-layout-flow\" style=\"flex-basis:66.66%\">\n<div class=\"wp-block-group has-global-padding is-layout-constrained wp-container-core-group-is-layout-5dee346c wp-block-group-is-layout-constrained\">\n<p class=\"has-primary-color has-text-color has-link-color has-poppins-font-family wp-elements-aa5b07f6d07cb0eb472786a8f30d2454\" style=\"font-style:normal;font-weight:700;line-height:1.8\">Terje Bredal<\/p>\n\n\n\n<p class=\"has-primary-color has-text-color has-link-color has-poppins-font-family wp-elements-6718782fc5dbf906c28fdaee042e960e\" style=\"padding-top:0\">E-mail: <a href=\"mailto:info@mctn.no\">info@mctn.no<\/a><\/p>\n\n\n\n<p class=\"has-primary-color has-text-color has-link-color has-poppins-font-family wp-elements-c0d6b957342a18d13989209b7c1182e4\">Tel: +47 997 04 500<\/p>\n\n\n\n<div class=\"wp-block-buttons is-layout-flex wp-block-buttons-is-layout-flex\">\n<div class=\"wp-block-button\"><a class=\"wp-block-button__link wp-element-button\">REGISTER YOUR INTEREST<\/a><\/div>\n<\/div>\n<\/div>\n<\/div>\n<\/div>\n","protected":false},"excerpt":{"rendered":"<p>MC Touring Norway offers guided motorcycle tours in Norway and abroad for both small and large groups. Our focus is on tours in Norway, and with decades of experience in motorcycling across our beautiful country, we have been virtually everywhere. We have handpicked the best tours and experiences for you, so all you need to [&hellip;]<\/p>\n","protected":false},"author":53,"featured_media":0,"parent":0,"menu_order":0,"comment_status":"closed","ping_status":"closed","template":"","meta":{"_acf_changed":false,"footnotes":""},"class_list":["post-589","page","type-page","status-publish","hentry"],"acf":[],"yoast_head":"<!-- This site is optimized with the Yoast SEO plugin v27.5 - https:\/\/yoast.com\/product\/yoast-seo-wordpress\/ -->\n<title>About us - MC Touring Norway Dev<\/title>\n<meta name=\"robots\" content=\"index, follow, max-snippet:-1, max-image-preview:large, max-video-preview:-1\" \/>\n<link rel=\"canonical\" href=\"https:\/\/mctouringnorway.com\/en\/about-us\/\" \/>\n<meta property=\"og:locale\" content=\"en_US\" \/>\n<meta property=\"og:type\" content=\"article\" \/>\n<meta property=\"og:title\" content=\"About us - MC Touring Norway Dev\" \/>\n<meta property=\"og:description\" content=\"MC Touring Norway offers guided motorcycle tours in Norway and abroad for both small and large groups. Our focus is on tours in Norway, and with decades of experience in motorcycling across our beautiful country, we have been virtually everywhere. We have handpicked the best tours and experiences for you, so all you need to [&hellip;]\" \/>\n<meta property=\"og:url\" content=\"https:\/\/mctouringnorway.com\/en\/about-us\/\" \/>\n<meta property=\"og:site_name\" content=\"MC Touring Norway Dev\" \/>\n<meta property=\"article:modified_time\" content=\"2025-03-10T23:00:17+00:00\" \/>\n<meta property=\"og:image\" content=\"https:\/\/mctouringnorway.com\/wp-content\/uploads\/sites\/33\/2024\/12\/norge-large-mc-touring.jpg\" \/>\n\t<meta property=\"og:image:width\" content=\"1920\" \/>\n\t<meta property=\"og:image:height\" content=\"1080\" \/>\n\t<meta property=\"og:image:type\" content=\"image\/jpeg\" \/>\n<meta name=\"twitter:card\" content=\"summary_large_image\" \/>\n<meta name=\"twitter:label1\" content=\"Est. reading time\" \/>\n\t<meta name=\"twitter:data1\" content=\"2 minutes\" \/>\n<script type=\"application\/ld+json\" class=\"yoast-schema-graph\">{\"@context\":\"https:\\\/\\\/schema.org\",\"@graph\":[{\"@type\":\"WebPage\",\"@id\":\"https:\\\/\\\/mctouringnorway.com\\\/en\\\/about-us\\\/\",\"url\":\"https:\\\/\\\/mctouringnorway.com\\\/en\\\/about-us\\\/\",\"name\":\"About us - MC Touring Norway Dev\",\"isPartOf\":{\"@id\":\"https:\\\/\\\/mctouringnorway.com\\\/en\\\/#website\"},\"primaryImageOfPage\":{\"@id\":\"https:\\\/\\\/mctouringnorway.com\\\/en\\\/about-us\\\/#primaryimage\"},\"image\":{\"@id\":\"https:\\\/\\\/mctouringnorway.com\\\/en\\\/about-us\\\/#primaryimage\"},\"thumbnailUrl\":\"https:\\\/\\\/mctouringnorway.com\\\/wp-content\\\/uploads\\\/sites\\\/33\\\/2024\\\/12\\\/norge-large-mc-touring.jpg\",\"datePublished\":\"2024-12-30T17:29:08+00:00\",\"dateModified\":\"2025-03-10T23:00:17+00:00\",\"breadcrumb\":{\"@id\":\"https:\\\/\\\/mctouringnorway.com\\\/en\\\/about-us\\\/#breadcrumb\"},\"inLanguage\":\"en-US\",\"potentialAction\":[{\"@type\":\"ReadAction\",\"target\":[\"https:\\\/\\\/mctouringnorway.com\\\/en\\\/about-us\\\/\"]}]},{\"@type\":\"ImageObject\",\"inLanguage\":\"en-US\",\"@id\":\"https:\\\/\\\/mctouringnorway.com\\\/en\\\/about-us\\\/#primaryimage\",\"url\":\"https:\\\/\\\/mctouringnorway.com\\\/wp-content\\\/uploads\\\/sites\\\/33\\\/2024\\\/12\\\/norge-large-mc-touring.jpg\",\"contentUrl\":\"https:\\\/\\\/mctouringnorway.com\\\/wp-content\\\/uploads\\\/sites\\\/33\\\/2024\\\/12\\\/norge-large-mc-touring.jpg\"},{\"@type\":\"BreadcrumbList\",\"@id\":\"https:\\\/\\\/mctouringnorway.com\\\/en\\\/about-us\\\/#breadcrumb\",\"itemListElement\":[{\"@type\":\"ListItem\",\"position\":1,\"name\":\"Home\",\"item\":\"https:\\\/\\\/mctouringnorway.com\\\/en\\\/front-page\\\/\"},{\"@type\":\"ListItem\",\"position\":2,\"name\":\"About us\"}]},{\"@type\":\"WebSite\",\"@id\":\"https:\\\/\\\/mctouringnorway.com\\\/en\\\/#website\",\"url\":\"https:\\\/\\\/mctouringnorway.com\\\/en\\\/\",\"name\":\"MC Touring Norway Dev\",\"description\":\"\",\"publisher\":{\"@id\":\"https:\\\/\\\/mctouringnorway.com\\\/en\\\/#organization\"},\"potentialAction\":[{\"@type\":\"SearchAction\",\"target\":{\"@type\":\"EntryPoint\",\"urlTemplate\":\"https:\\\/\\\/mctouringnorway.com\\\/en\\\/?s={search_term_string}\"},\"query-input\":{\"@type\":\"PropertyValueSpecification\",\"valueRequired\":true,\"valueName\":\"search_term_string\"}}],\"inLanguage\":\"en-US\"},{\"@type\":\"Organization\",\"@id\":\"https:\\\/\\\/mctouringnorway.com\\\/en\\\/#organization\",\"name\":\"MC Touring Norway Dev\",\"url\":\"https:\\\/\\\/mctouringnorway.com\\\/en\\\/\",\"logo\":{\"@type\":\"ImageObject\",\"inLanguage\":\"en-US\",\"@id\":\"https:\\\/\\\/mctouringnorway.com\\\/en\\\/#\\\/schema\\\/logo\\\/image\\\/\",\"url\":\"https:\\\/\\\/mctouringnorway.com\\\/wp-content\\\/uploads\\\/sites\\\/33\\\/2024\\\/12\\\/mc-touring-norway-logo-horizontal-1.png\",\"contentUrl\":\"https:\\\/\\\/mctouringnorway.com\\\/wp-content\\\/uploads\\\/sites\\\/33\\\/2024\\\/12\\\/mc-touring-norway-logo-horizontal-1.png\",\"width\":250,\"height\":70,\"caption\":\"MC Touring Norway Dev\"},\"image\":{\"@id\":\"https:\\\/\\\/mctouringnorway.com\\\/en\\\/#\\\/schema\\\/logo\\\/image\\\/\"}}]}<\/script>\n<!-- \/ Yoast SEO plugin. -->","yoast_head_json":{"title":"About us - MC Touring Norway Dev","robots":{"index":"index","follow":"follow","max-snippet":"max-snippet:-1","max-image-preview":"max-image-preview:large","max-video-preview":"max-video-preview:-1"},"canonical":"https:\/\/mctouringnorway.com\/en\/about-us\/","og_locale":"en_US","og_type":"article","og_title":"About us - MC Touring Norway Dev","og_description":"MC Touring Norway offers guided motorcycle tours in Norway and abroad for both small and large groups. Our focus is on tours in Norway, and with decades of experience in motorcycling across our beautiful country, we have been virtually everywhere. We have handpicked the best tours and experiences for you, so all you need to [&hellip;]","og_url":"https:\/\/mctouringnorway.com\/en\/about-us\/","og_site_name":"MC Touring Norway Dev","article_modified_time":"2025-03-10T23:00:17+00:00","og_image":[{"width":1920,"height":1080,"url":"https:\/\/mctouringnorway.com\/wp-content\/uploads\/sites\/33\/2024\/12\/norge-large-mc-touring.jpg","type":"image\/jpeg"}],"twitter_card":"summary_large_image","twitter_misc":{"Est. reading time":"2 minutes"},"schema":{"@context":"https:\/\/schema.org","@graph":[{"@type":"WebPage","@id":"https:\/\/mctouringnorway.com\/en\/about-us\/","url":"https:\/\/mctouringnorway.com\/en\/about-us\/","name":"About us - MC Touring Norway Dev","isPartOf":{"@id":"https:\/\/mctouringnorway.com\/en\/#website"},"primaryImageOfPage":{"@id":"https:\/\/mctouringnorway.com\/en\/about-us\/#primaryimage"},"image":{"@id":"https:\/\/mctouringnorway.com\/en\/about-us\/#primaryimage"},"thumbnailUrl":"https:\/\/mctouringnorway.com\/wp-content\/uploads\/sites\/33\/2024\/12\/norge-large-mc-touring.jpg","datePublished":"2024-12-30T17:29:08+00:00","dateModified":"2025-03-10T23:00:17+00:00","breadcrumb":{"@id":"https:\/\/mctouringnorway.com\/en\/about-us\/#breadcrumb"},"inLanguage":"en-US","potentialAction":[{"@type":"ReadAction","target":["https:\/\/mctouringnorway.com\/en\/about-us\/"]}]},{"@type":"ImageObject","inLanguage":"en-US","@id":"https:\/\/mctouringnorway.com\/en\/about-us\/#primaryimage","url":"https:\/\/mctouringnorway.com\/wp-content\/uploads\/sites\/33\/2024\/12\/norge-large-mc-touring.jpg","contentUrl":"https:\/\/mctouringnorway.com\/wp-content\/uploads\/sites\/33\/2024\/12\/norge-large-mc-touring.jpg"},{"@type":"BreadcrumbList","@id":"https:\/\/mctouringnorway.com\/en\/about-us\/#breadcrumb","itemListElement":[{"@type":"ListItem","position":1,"name":"Home","item":"https:\/\/mctouringnorway.com\/en\/front-page\/"},{"@type":"ListItem","position":2,"name":"About us"}]},{"@type":"WebSite","@id":"https:\/\/mctouringnorway.com\/en\/#website","url":"https:\/\/mctouringnorway.com\/en\/","name":"MC Touring Norway Dev","description":"","publisher":{"@id":"https:\/\/mctouringnorway.com\/en\/#organization"},"potentialAction":[{"@type":"SearchAction","target":{"@type":"EntryPoint","urlTemplate":"https:\/\/mctouringnorway.com\/en\/?s={search_term_string}"},"query-input":{"@type":"PropertyValueSpecification","valueRequired":true,"valueName":"search_term_string"}}],"inLanguage":"en-US"},{"@type":"Organization","@id":"https:\/\/mctouringnorway.com\/en\/#organization","name":"MC Touring Norway Dev","url":"https:\/\/mctouringnorway.com\/en\/","logo":{"@type":"ImageObject","inLanguage":"en-US","@id":"https:\/\/mctouringnorway.com\/en\/#\/schema\/logo\/image\/","url":"https:\/\/mctouringnorway.com\/wp-content\/uploads\/sites\/33\/2024\/12\/mc-touring-norway-logo-horizontal-1.png","contentUrl":"https:\/\/mctouringnorway.com\/wp-content\/uploads\/sites\/33\/2024\/12\/mc-touring-norway-logo-horizontal-1.png","width":250,"height":70,"caption":"MC Touring Norway Dev"},"image":{"@id":"https:\/\/mctouringnorway.com\/en\/#\/schema\/logo\/image\/"}}]}},"_links":{"self":[{"href":"https:\/\/mctouringnorway.com\/en\/wp-json\/wp\/v2\/pages\/589","targetHints":{"allow":["GET"]}}],"collection":[{"href":"https:\/\/mctouringnorway.com\/en\/wp-json\/wp\/v2\/pages"}],"about":[{"href":"https:\/\/mctouringnorway.com\/en\/wp-json\/wp\/v2\/types\/page"}],"author":[{"embeddable":true,"href":"https:\/\/mctouringnorway.com\/en\/wp-json\/wp\/v2\/users\/53"}],"replies":[{"embeddable":true,"href":"https:\/\/mctouringnorway.com\/en\/wp-json\/wp\/v2\/comments?post=589"}],"version-history":[{"count":1,"href":"https:\/\/mctouringnorway.com\/en\/wp-json\/wp\/v2\/pages\/589\/revisions"}],"predecessor-version":[{"id":590,"href":"https:\/\/mctouringnorway.com\/en\/wp-json\/wp\/v2\/pages\/589\/revisions\/590"}],"wp:attachment":[{"href":"https:\/\/mctouringnorway.com\/en\/wp-json\/wp\/v2\/media?parent=589"}],"curies":[{"name":"wp","href":"https:\/\/api.w.org\/{rel}","templated":true}]}}